{"id":1453,"date":"2021-07-14T11:12:41","date_gmt":"2021-07-14T10:12:41","guid":{"rendered":"https:\/\/alfaprime.com.tr\/en\/?page_id=1453"},"modified":"2021-11-20T11:14:31","modified_gmt":"2021-11-20T11:14:31","slug":"contact-us","status":"publish","type":"page","link":"https:\/\/alfaprime.com.tr\/en\/contact-us\/","title":{"rendered":"Contact Us"},"content":{"rendered":"<p><iframe\n\t\t\t\t\t\tsrc=\"https:\/\/maps.google.com\/maps?t=m&#038;output=embed&#038;iwloc=near&#038;z=12&#038;q=Prof.+Dr.+Turan+G%C3%BCne%C5%9F+Cad.+No%3A+140%2FAB+Zeytinburnu+34010+%C4%B0stanbul+\"\n\t\t\t\t\t\taria-label=\"\"><\/iframe><\/p>\n<style type=\"text\/css\">.trx_addons_inline_787066176{width:100%;height:590px;}<\/style>\n<h4\n\t\t\t>Contact info<\/h4>\n<p>\t\t\t<strong>Alfa Prime Engineering Ltd. \u015eti.<\/strong>Prof. Dr. Turan G\u00fcne\u015f Cad. No: 140\/AB<br \/>Zeytinburnu 34010 \u0130stanbul <strong><a href=\"mailto:info@alfaprime.com.tr\">info@alfaprime.com.tr<\/a><\/strong><a href=\"tel:+90%20212%20558%2001%2048\"><br \/>\n                        +90 212 558 01 48<br \/>\n                        <\/a><a href=\"tel:+90%20212%20558%2001%2048\"\n                       ><br \/>\n                        <\/a><!-- \/.sc_icons --><br \/>\n\t\t\t<a target=\"_blank\" href=\"https:\/\/www.facebook.com\/\" rel=\"noopener\"><\/a><a target=\"_blank\" href=\"https:\/\/twitter.com\/home\" rel=\"noopener\"><\/a><a target=\"_blank\" href=\"https:\/\/www.instagram.com\/\" rel=\"noopener\"><\/a><a target=\"_blank\" href=\"https:\/\/www.linkedin.com\/feed\/\" rel=\"noopener\"><\/a><a target=\"_blank\" href=\"https:\/\/www.youtube.com\/\" rel=\"noopener\"><\/a>\t\t<\/p>\n<p role=\"status\" aria-live=\"polite\" aria-atomic=\"true\">\n<ul><\/ul>\n<form action=\"\/en\/wp-admin\/admin-ajax.php#wpcf7-f1324-o1\" method=\"post\" novalidate=\"novalidate\" data-status=\"init\">\n<input type=\"hidden\" name=\"_wpcf7\" value=\"1324\" \/><br \/>\n<input type=\"hidden\" name=\"_wpcf7_version\" value=\"5.5.2\" \/><br \/>\n<input type=\"hidden\" name=\"_wpcf7_locale\" value=\"en_US\" \/><br \/>\n<input type=\"hidden\" name=\"_wpcf7_unit_tag\" value=\"wpcf7-f1324-o1\" \/><br \/>\n<input type=\"hidden\" name=\"_wpcf7_container_post\" value=\"0\" \/><br \/>\n<input type=\"hidden\" name=\"_wpcf7_posted_data_hash\" value=\"\" \/><br \/>\n<input type=\"text\" name=\"your-name\" value=\"\" size=\"40\" aria-required=\"true\" aria-invalid=\"false\" placeholder=\"Ad Soyad\" \/><br \/>\n<input type=\"email\" name=\"your-email\" value=\"\" size=\"40\" aria-required=\"true\" aria-invalid=\"false\" placeholder=\"Email Adresi\" \/><br \/>\n<input type=\"tel\" name=\"phone\" value=\"\" size=\"40\" aria-required=\"true\" aria-invalid=\"false\" placeholder=\"Telefon\" \/><br \/>\n<input type=\"text\" name=\"subject\" value=\"\" size=\"40\" aria-required=\"true\" aria-invalid=\"false\" placeholder=\"Konu\" \/><br \/>\n<textarea name=\"your-message\" cols=\"40\" rows=\"10\" aria-required=\"true\" aria-invalid=\"false\" placeholder=\"Size nas\u0131l yard\u0131mc\u0131 olabiliriz? Her konuda bize ula\u015fabilirsiniz!\"><\/textarea><\/p>\n<p><input type=\"submit\" value=\"Mesaj G\u00f6nder\" \/><label><input type=\"checkbox\" name=\"acceptance\" value=\"1\" aria-invalid=\"false\" \/><a href=\"\/gizlilik-politikasi\/\" target=\"_blank\" rel=\"noopener\"> Gizlilik Politikas\u0131<\/a>&#8216;n\u0131 kabul ediyorum.<\/label><\/p>\n<\/form>\n","protected":false},"excerpt":{"rendered":"<p>Contact info Alfa Prime Engineering Ltd. \u015eti.Prof. Dr. Turan G\u00fcne\u015f Cad. No: 140\/ABZeytinburnu 34010 \u0130stanbul info@alfaprime.com.tr +90 212 558 01 48 Gizlilik Politikas\u0131&#8216;n\u0131 kabul ediyorum.<\/p>\n","protected":false},"author":1,"featured_media":0,"parent":0,"menu_order":0,"comment_status":"closed","ping_status":"closed","template":"","meta":{"footnotes":""},"class_list":["post-1453","page","type-page","status-publish","hentry"],"_links":{"self":[{"href":"https:\/\/alfaprime.com.tr\/en\/wp-json\/wp\/v2\/pages\/1453","targetHints":{"allow":["GET"]}}],"collection":[{"href":"https:\/\/alfaprime.com.tr\/en\/wp-json\/wp\/v2\/pages"}],"about":[{"href":"https:\/\/alfaprime.com.tr\/en\/wp-json\/wp\/v2\/types\/page"}],"author":[{"embeddable":true,"href":"https:\/\/alfaprime.com.tr\/en\/wp-json\/wp\/v2\/users\/1"}],"replies":[{"embeddable":true,"href":"https:\/\/alfaprime.com.tr\/en\/wp-json\/wp\/v2\/comments?post=1453"}],"version-history":[{"count":24,"href":"https:\/\/alfaprime.com.tr\/en\/wp-json\/wp\/v2\/pages\/1453\/revisions"}],"predecessor-version":[{"id":19228,"href":"https:\/\/alfaprime.com.tr\/en\/wp-json\/wp\/v2\/pages\/1453\/revisions\/19228"}],"wp:attachment":[{"href":"https:\/\/alfaprime.com.tr\/en\/wp-json\/wp\/v2\/media?parent=1453"}],"curies":[{"name":"wp","href":"https:\/\/api.w.org\/{rel}","templated":true}]}}