{"id":2860,"date":"2020-05-19T09:22:10","date_gmt":"2020-05-19T08:22:10","guid":{"rendered":"https:\/\/alfaprime.com.tr\/en\/?page_id=2860"},"modified":"2021-11-13T09:05:46","modified_gmt":"2021-11-13T09:05:46","slug":"references","status":"publish","type":"page","link":"https:\/\/alfaprime.com.tr\/en\/references\/","title":{"rendered":"References"},"content":{"rendered":"<h5 data-item-number=\"1\"><a href=\"https:\/\/alfaprime.com.tr\/en\/portfolio\/johnson-control\/\" rel=\"bookmark\">Johnson Control<\/a><\/h5>\n<p><a href=\"https:\/\/alfaprime.com.tr\/en\/portfolio_group\/what-we-do\/\" title=\"View all posts in What We Do\">What We Do<\/a><a href=\"https:\/\/alfaprime.com.tr\/en\/portfolio\/johnson-control\/\"><\/a>\t\t\t<a href=\"https:\/\/alfaprime.com.tr\/en\/portfolio\/johnson-control\/\"  aria-hidden=\"true\"><\/a><br \/>\n\t\t\t<!-- .sc_blogger_item_body --><!-- .sc_blogger_item -->\t\t\t\t\t\t<\/p>\n<h5 data-item-number=\"2\"><a href=\"https:\/\/alfaprime.com.tr\/en\/portfolio\/video-technology\/\" rel=\"bookmark\">York<\/a><\/h5>\n<p><a href=\"https:\/\/alfaprime.com.tr\/en\/portfolio_group\/what-we-do\/\" title=\"View all posts in What We Do\">What We Do<\/a><a href=\"https:\/\/alfaprime.com.tr\/en\/portfolio\/video-technology\/\"><\/a>\t\t\t<a href=\"https:\/\/alfaprime.com.tr\/en\/portfolio\/video-technology\/\"  aria-hidden=\"true\"><\/a><br \/>\n\t\t\t<!-- .sc_blogger_item_body --><!-- .sc_blogger_item -->\t\t\t\t\t\t<\/p>\n<h5 data-item-number=\"3\"><a href=\"https:\/\/alfaprime.com.tr\/en\/portfolio\/financial-plan\/\" rel=\"bookmark\">Nilfisk<\/a><\/h5>\n<p><a href=\"https:\/\/alfaprime.com.tr\/en\/portfolio_group\/what-we-do\/\" title=\"View all posts in What We Do\">What We Do<\/a><a href=\"https:\/\/alfaprime.com.tr\/en\/portfolio\/financial-plan\/\"><\/a>\t\t\t<a href=\"https:\/\/alfaprime.com.tr\/en\/portfolio\/financial-plan\/\"  aria-hidden=\"true\"><\/a><br \/>\n\t\t\t<!-- .sc_blogger_item_body --><!-- .sc_blogger_item -->\t\t\t\t\t\t<\/p>\n<h5 data-item-number=\"4\"><a href=\"https:\/\/alfaprime.com.tr\/en\/portfolio\/seo-analysis\/\" rel=\"bookmark\">Kamu ve \u00d6zel Sekt\u00f6r Ortakl\u0131\u011f\u0131<\/a><\/h5>\n<p><a href=\"https:\/\/alfaprime.com.tr\/en\/portfolio_group\/what-we-do\/\" title=\"View all posts in What We Do\">What We Do<\/a><a href=\"https:\/\/alfaprime.com.tr\/en\/portfolio\/seo-analysis\/\"><\/a>\t\t\t<a href=\"https:\/\/alfaprime.com.tr\/en\/portfolio\/seo-analysis\/\"  aria-hidden=\"true\"><\/a><br \/>\n\t\t\t<!-- .sc_blogger_item_body --><!-- .sc_blogger_item -->\t\t\t\t\t\t<\/p>\n<h5 data-item-number=\"5\"><a href=\"https:\/\/alfaprime.com.tr\/en\/portfolio\/brand-story\/\" rel=\"bookmark\">SABIS<\/a><\/h5>\n<p><a href=\"https:\/\/alfaprime.com.tr\/en\/portfolio_group\/what-we-do\/\" title=\"View all posts in What We Do\">What We Do<\/a><a href=\"https:\/\/alfaprime.com.tr\/en\/portfolio\/brand-story\/\"><\/a>\t\t\t<a href=\"https:\/\/alfaprime.com.tr\/en\/portfolio\/brand-story\/\"  aria-hidden=\"true\"><\/a><br \/>\n\t\t\t<!-- .sc_blogger_item_body --><!-- .sc_blogger_item -->\t\t\t\t\t\t<\/p>\n<h5 data-item-number=\"6\"><a href=\"https:\/\/alfaprime.com.tr\/en\/portfolio\/target-audience\/\" rel=\"bookmark\">Target Audience<\/a><\/h5>\n<p><a href=\"https:\/\/alfaprime.com.tr\/en\/portfolio_group\/what-we-do\/\" title=\"View all posts in What We Do\">What We Do<\/a><a href=\"https:\/\/alfaprime.com.tr\/en\/portfolio\/target-audience\/\"><\/a>\t\t\t<a href=\"https:\/\/alfaprime.com.tr\/en\/portfolio\/target-audience\/\"  aria-hidden=\"true\"><\/a><br \/>\n\t\t\t<!-- .sc_blogger_item_body --><!-- .sc_blogger_item -->\t\t\t\t\t\t<\/p>\n<h5 data-item-number=\"7\"><a href=\"https:\/\/alfaprime.com.tr\/en\/portfolio\/market-research\/\" rel=\"bookmark\">Market Research<\/a><\/h5>\n<p><a href=\"https:\/\/alfaprime.com.tr\/en\/portfolio_group\/what-we-do\/\" title=\"View all posts in What We Do\">What We Do<\/a><a href=\"https:\/\/alfaprime.com.tr\/en\/portfolio\/market-research\/\"><\/a>\t\t\t<a href=\"https:\/\/alfaprime.com.tr\/en\/portfolio\/market-research\/\"  aria-hidden=\"true\"><\/a><br \/>\n\t\t\t<!-- .sc_blogger_item_body --><!-- .sc_blogger_item -->\t\t\t\t\t\t<\/p>\n<h5 data-item-number=\"8\"><a href=\"https:\/\/alfaprime.com.tr\/en\/portfolio\/brainstorming\/\" rel=\"bookmark\">Brainstorming<\/a><\/h5>\n<p><a href=\"https:\/\/alfaprime.com.tr\/en\/portfolio_group\/what-we-do\/\" title=\"View all posts in What We Do\">What We Do<\/a><a href=\"https:\/\/alfaprime.com.tr\/en\/portfolio\/brainstorming\/\"><\/a>\t\t\t<a href=\"https:\/\/alfaprime.com.tr\/en\/portfolio\/brainstorming\/\"  aria-hidden=\"true\"><\/a><br \/>\n\t\t\t<!-- .sc_blogger_item_body --><!-- .sc_blogger_item -->\t\t\t\t\t\t<\/p>\n<h5 data-item-number=\"9\"><a href=\"https:\/\/alfaprime.com.tr\/en\/portfolio\/minimalism-vs-chaos\/\" rel=\"bookmark\">Minimalism vs Chaos<\/a><\/h5>\n<p><a href=\"https:\/\/alfaprime.com.tr\/en\/portfolio_group\/what-we-do\/\" title=\"View all posts in What We Do\">What We Do<\/a><a href=\"https:\/\/alfaprime.com.tr\/en\/portfolio\/minimalism-vs-chaos\/\"><\/a>\t\t\t<a href=\"https:\/\/alfaprime.com.tr\/en\/portfolio\/minimalism-vs-chaos\/\"  aria-hidden=\"true\"><\/a><br \/>\n\t\t\t<!-- .sc_blogger_item_body --><!-- .sc_blogger_item -->\t\t\t\t\t\t<\/p>\n<h5 data-item-number=\"10\"><a href=\"https:\/\/alfaprime.com.tr\/en\/portfolio\/branding-ideas\/\" rel=\"bookmark\">Branding Ideas<\/a><\/h5>\n<p><a href=\"https:\/\/alfaprime.com.tr\/en\/portfolio_group\/what-we-do\/\" title=\"View all posts in What We Do\">What We Do<\/a><a href=\"https:\/\/alfaprime.com.tr\/en\/portfolio\/branding-ideas\/\"><\/a>\t\t\t<a href=\"https:\/\/alfaprime.com.tr\/en\/portfolio\/branding-ideas\/\"  aria-hidden=\"true\"><\/a><br \/>\n\t\t\t<!-- .sc_blogger_item_body --><!-- .sc_blogger_item -->\t\t\t\t\t\t<\/p>\n<h5 data-item-number=\"11\"><a href=\"https:\/\/alfaprime.com.tr\/en\/portfolio\/corporate-style\/\" rel=\"bookmark\">Corporate Style<\/a><\/h5>\n<p><a href=\"https:\/\/alfaprime.com.tr\/en\/portfolio_group\/what-we-do\/\" title=\"View all posts in What We Do\">What We Do<\/a><a href=\"https:\/\/alfaprime.com.tr\/en\/portfolio\/corporate-style\/\"><\/a>\t\t\t<a href=\"https:\/\/alfaprime.com.tr\/en\/portfolio\/corporate-style\/\"  aria-hidden=\"true\"><\/a><br \/>\n\t\t\t<!-- .sc_blogger_item_body --><!-- .sc_blogger_item --><\/p>\n<style type=\"text\/css\">.qwery_inline_1591730042{background-image: url(https:\/\/alfaprime.com.tr\/en\/wp-content\/uploads\/2020\/05\/ref-johnson-control.jpg);}.qwery_inline_1563548870{background-image: url(https:\/\/alfaprime.com.tr\/en\/wp-content\/uploads\/2020\/04\/corporate-image-copyright-7-840x560.jpg);}.qwery_inline_1902145359{background-image: url(https:\/\/alfaprime.com.tr\/en\/wp-content\/uploads\/2020\/05\/corporate-image-copyright-23-840x560.jpg);}.qwery_inline_1879534499{background-image: url(https:\/\/alfaprime.com.tr\/en\/wp-content\/uploads\/2020\/05\/corporate-image-copyright-28-840x560.jpg);}.qwery_inline_1639881621{background-image: url(https:\/\/alfaprime.com.tr\/en\/wp-content\/uploads\/2020\/05\/corporate-image-copyright-15-840x560.jpg);}.qwery_inline_1221521676{background-image: url(https:\/\/alfaprime.com.tr\/en\/wp-content\/uploads\/2021\/02\/corporate-image-copyright-27-840x560.jpg);}.qwery_inline_1495854691{background-image: url(https:\/\/alfaprime.com.tr\/en\/wp-content\/uploads\/2021\/02\/corporate-image-copyright-31-840x560.jpg);}.qwery_inline_225676517{background-image: url(https:\/\/alfaprime.com.tr\/en\/wp-content\/uploads\/2021\/02\/corporate-image-copyright-21-840x560.jpg);}.qwery_inline_1331281208{background-image: url(https:\/\/alfaprime.com.tr\/en\/wp-content\/uploads\/2020\/04\/corporate-image-copyright-13-840x560.jpg);}.qwery_inline_1495516839{background-image: url(https:\/\/alfaprime.com.tr\/en\/wp-content\/uploads\/2021\/02\/corporate-image-copyright-37-840x560.jpg);}.qwery_inline_2141371186{background-image: url(https:\/\/alfaprime.com.tr\/en\/wp-content\/uploads\/2020\/04\/corporate-image-copyright-12-840x560.jpg);}<\/style>\n","protected":false},"excerpt":{"rendered":"<p>Johnson Control What We Do York What We Do Nilfisk What We Do Kamu ve \u00d6zel Sekt\u00f6r Ortakl\u0131\u011f\u0131 What We Do SABIS What We Do Target Audience What We Do&hellip;<\/p>\n","protected":false},"author":1,"featured_media":0,"parent":0,"menu_order":0,"comment_status":"closed","ping_status":"closed","template":"","meta":{"footnotes":""},"class_list":["post-2860","page","type-page","status-publish","hentry"],"_links":{"self":[{"href":"https:\/\/alfaprime.com.tr\/en\/wp-json\/wp\/v2\/pages\/2860","targetHints":{"allow":["GET"]}}],"collection":[{"href":"https:\/\/alfaprime.com.tr\/en\/wp-json\/wp\/v2\/pages"}],"about":[{"href":"https:\/\/alfaprime.com.tr\/en\/wp-json\/wp\/v2\/types\/page"}],"author":[{"embeddable":true,"href":"https:\/\/alfaprime.com.tr\/en\/wp-json\/wp\/v2\/users\/1"}],"replies":[{"embeddable":true,"href":"https:\/\/alfaprime.com.tr\/en\/wp-json\/wp\/v2\/comments?post=2860"}],"version-history":[{"count":8,"href":"https:\/\/alfaprime.com.tr\/en\/wp-json\/wp\/v2\/pages\/2860\/revisions"}],"predecessor-version":[{"id":19100,"href":"https:\/\/alfaprime.com.tr\/en\/wp-json\/wp\/v2\/pages\/2860\/revisions\/19100"}],"wp:attachment":[{"href":"https:\/\/alfaprime.com.tr\/en\/wp-json\/wp\/v2\/media?parent=2860"}],"curies":[{"name":"wp","href":"https:\/\/api.w.org\/{rel}","templated":true}]}}