{"id":3713,"date":"2021-09-26T10:30:22","date_gmt":"2021-09-26T09:30:22","guid":{"rendered":"https:\/\/alfaprime.com.tr\/en\/?page_id=3713"},"modified":"2022-01-25T20:16:40","modified_gmt":"2022-01-25T17:16:40","slug":"about-us-en","status":"publish","type":"page","link":"https:\/\/alfaprime.com.tr\/en\/about-us-en\/","title":{"rendered":"About Us"},"content":{"rendered":"<p>What we do<\/p>\n<h1\n\t\t\t>We develop successful strategies<\/h1>\n<p>A good management strategy and management system should be established in order to ensure continuity and efficiency. All business processes should be analyzed and implemented by following innovative developments. We support and develop your investments, your brand, your business and you with an expert and experienced staff.<\/p>\n<h4><a href=\"http:\/\/en\/services\/management-consulting\/\"><br \/>\n                                    Management Consulting                                    <\/a><\/h4>\n<p>We carry out your business processes with an innovative approach by acting with a good management strategy in order to ensure continuity and efficiency.<a href=\"http:\/\/en\/services\/management-consulting\/\"><br \/>\n                        Read more<br \/>\n                        <\/a><a href=\"http:\/\/en\/services\/management-consulting\/\"\n                       ><br \/>\n                        <\/a><\/p>\n<h4><a href=\"\/en\/services\/investment-consultancy\/\"><br \/>\n                                    Investment Consultancy                                    <\/a><\/h4>\n<p>We are experts in our field and with our qualified staff support your investments and your brands with efficiency .<a href=\"\/en\/services\/investment-consultancy\/\"><br \/>\n                        Read more<br \/>\n                        <\/a><a href=\"\/en\/services\/investment-consultancy\/\"\n                       ><br \/>\n                        <\/a><\/p>\n<h4><a href=\"\/en\/services\/management-services-en\/\"><br \/>\n                                    Management Services                                    <\/a><\/h4>\n<p>We provide optimum satisfaction with our solution-oriented perspective. We follow our work meticulously to maintain satisfaction.<a href=\"\/en\/services\/management-services-en\/\"><br \/>\n                        Read more<br \/>\n                        <\/a><a href=\"\/en\/services\/management-services-en\/\"\n                       ><br \/>\n                        <\/a><!-- \/.sc_icons --><br \/>\n\t\t\tOur History<\/p>\n<h1\n\t\t\t>About Us<\/h1>\n<p>We share with you our 30 years of investment and management experience in Turkey and Azerbaijan. We know that Appropriate and Correct Methods that bring success.<\/p>\n<p>\t\t\t\t\t\t\t\t\t\t\t\t<img decoding=\"async\" width=\"412\" height=\"274\" src=\"https:\/\/alfaprime.com.tr\/en\/wp-content\/uploads\/2021\/10\/yatas-zeytinburnu-magazasi-1.jpg\" alt=\"\" loading=\"lazy\" srcset=\"https:\/\/alfaprime.com.tr\/en\/wp-content\/uploads\/2021\/10\/yatas-zeytinburnu-magazasi-1.jpg 412w, https:\/\/alfaprime.com.tr\/en\/wp-content\/uploads\/2021\/10\/yatas-zeytinburnu-magazasi-1-300x200.jpg 300w, https:\/\/alfaprime.com.tr\/en\/wp-content\/uploads\/2021\/10\/yatas-zeytinburnu-magazasi-1-370x246.jpg 370w, https:\/\/alfaprime.com.tr\/en\/wp-content\/uploads\/2021\/10\/yatas-zeytinburnu-magazasi-1-410x273.jpg 410w\" sizes=\"auto, (max-width: 600px) 100vw, 412px\" \/>\t\t\t\t\t\t\t\t\t\t\t\t\t\t<\/p>\n<p><strong>Alfa Prime Engineering Ltd, \u0130stanbul, T\u00fcrkiye. 2017.<\/strong><br \/><strong>Investment and Management Consultancy.<\/strong><\/p>\n<p>* Project Development and Management Consultancy in the Real Estate Industry<br \/>.* Turkey and EMEA Region, International School Counseling.<br \/>Yata\u015f Bedding Store in<br \/>* <a href=\"\/en\/yatas-bedding-zeytinburnu-store\/\" target=\"_blank\" rel=\"noopener\">Yata\u015f Bedding Store in Istanbul Zeytinburnu.<\/a><\/p>\n<p>\t\t\t\t\t\t\t\t\t\t\t\t<img decoding=\"async\" width=\"412\" height=\"274\" src=\"https:\/\/alfaprime.com.tr\/en\/wp-content\/uploads\/2021\/10\/yonetim-yatirim-danismanligi-starbucks-1.jpg\" alt=\"\" loading=\"lazy\" srcset=\"https:\/\/alfaprime.com.tr\/en\/wp-content\/uploads\/2021\/10\/yonetim-yatirim-danismanligi-starbucks-1.jpg 412w, https:\/\/alfaprime.com.tr\/en\/wp-content\/uploads\/2021\/10\/yonetim-yatirim-danismanligi-starbucks-1-300x200.jpg 300w, https:\/\/alfaprime.com.tr\/en\/wp-content\/uploads\/2021\/10\/yonetim-yatirim-danismanligi-starbucks-1-370x246.jpg 370w, https:\/\/alfaprime.com.tr\/en\/wp-content\/uploads\/2021\/10\/yonetim-yatirim-danismanligi-starbucks-1-410x273.jpg 410w\" sizes=\"auto, (max-width: 600px) 100vw, 412px\" \/>\t\t\t\t\t\t\t\t\t\t\t\t\t\t<\/p>\n<p style=\"font-family: 'DM Sans', sans-serif; font-size: 17px; line-height: inherit; font-weight: 400; font-style: normal; letter-spacing: -0.16px;\"><strong>Alfa Prime Engineering &amp; Management LLC, Azerbaycan. 2014.<\/strong><br \/><strong>Investment and Management Consultancy. Local Distributor<\/strong><\/p>\n<p style=\"font-family: 'DM Sans', sans-serif; font-size: 17px; line-height: inherit; font-weight: 400; font-style: normal; letter-spacing: -0.16px;\">* YORK HVAC Systems; Johnson Controls<br \/>* Nilfisk Industrial Cleaning Equipments<br \/>* Market Advisor and Consultant to Al Shaya Group for Starbuck\u2019s<br \/>* Sabis International School<\/p>\n<p>\t\t\t\t\t\t\t\t\t\t\t\t<img decoding=\"async\" width=\"412\" height=\"274\" src=\"https:\/\/alfaprime.com.tr\/en\/wp-content\/uploads\/2021\/10\/yonetim-yatirim-danismanligi-dreamlang-golf-club.jpg\" alt=\"\" loading=\"lazy\" srcset=\"https:\/\/alfaprime.com.tr\/en\/wp-content\/uploads\/2021\/10\/yonetim-yatirim-danismanligi-dreamlang-golf-club.jpg 412w, https:\/\/alfaprime.com.tr\/en\/wp-content\/uploads\/2021\/10\/yonetim-yatirim-danismanligi-dreamlang-golf-club-300x200.jpg 300w, https:\/\/alfaprime.com.tr\/en\/wp-content\/uploads\/2021\/10\/yonetim-yatirim-danismanligi-dreamlang-golf-club-370x246.jpg 370w, https:\/\/alfaprime.com.tr\/en\/wp-content\/uploads\/2021\/10\/yonetim-yatirim-danismanligi-dreamlang-golf-club-410x273.jpg 410w\" sizes=\"auto, (max-width: 600px) 100vw, 412px\" \/>\t\t\t\t\t\t\t\t\t\t\t\t\t\t<\/p>\n<p style=\"font-family: 'DM Sans', sans-serif; font-size: 17px; line-height: inherit; font-weight: 400; font-style: normal; letter-spacing: -0.16px;\"><strong>Alfa Prime Engineering &amp; Management LLC Company in Azerbaijan. 2012.<\/strong><br \/><strong>Real Estate and\u00a0 Management\u00a0<\/strong><\/p>\n<p style=\"font-family: 'DM Sans', sans-serif; font-size: 17px; line-height: inherit; font-weight: 400; font-style: normal; letter-spacing: -0.16px;\">* Dreamland Project<br \/>* Shahdag Yaz&amp;K\u0131\u015f Tourism Project<br \/>* Kempinski Wedding Gallery, Kempinski Hotel<br \/>* Af Mall<br \/>* Gold City Shopping Mall<br \/>* Baku Park Shopping Center<br \/>* Credit Andorra Bank Consultancy<\/p>\n<h3\n\t\t\t>Our References<\/h3>\n<p>Sizlerle \u00e7al\u0131\u015fmak bizlere \u00e7ok \u015fey kazand\u0131rd\u0131. Ba\u015far\u0131ya giden do\u011fru yolu g\u00f6sterdi. Te\u015fekk\u00fcrler.<\/p>\n<h4>Ahmet Kozan<\/h4>\n<p>\t\t\tGenel M\u00fcd\u00fcr\t\t<\/p>\n<p>\u0130yi analiz ve ara\u015ft\u0131rma \u00f6n\u00fcm\u00fcze gelince yat\u0131r\u0131mlar\u0131m\u0131zda do\u011fru kararlar alabildik, do\u011fru ad\u0131mlar atabildik.<\/p>\n<h4>Muzaffer Yurdakul<\/h4>\n<p>\t\t\tY\u00f6netim Kurulu Ba\u015fkan\u0131\t\t<\/p>\n<p>Y\u0131llard\u0131r kendi ba\u015f\u0131m\u0131za alamad\u0131\u011f\u0131m\u0131z yoldan daha fazlas\u0131n\u0131 sizlerle k\u0131sa s\u00fcrede ald\u0131k. Gayretiniz i\u00e7in ayr\u0131ca te\u015fekk\u00fcr ederim.<\/p>\n<h4>Burhan \u0130ncesu<\/h4>\n<p>\t\t\tGenel M\u00fcd\u00fcr\t\t<\/p>\n<p>Sizinl\u0259 \u00e7ox \u00e7al\u0131\u015fd\u0131q, amma b\u00f6y\u00fck i\u015fl\u0259r g\u00f6rd\u00fck. Siz\u0259 bir daha u\u011furlar arzulay\u0131ram.<\/p>\n<h4>Farruh Amirov<\/h4>\n<p>\t\t\tCEO\t\t<\/p>\n<p>B\u00f6yle zorlu bir d\u00f6nemde sizinle tan\u0131\u015f\u0131p \u00e7al\u0131\u015ft\u0131\u011f\u0131m\u0131z i\u00e7in kendimi \u015fansl\u0131 hissediyorum. Markam\u0131z sizinle art\u0131k g\u00fcvende.<\/p>\n<h4>Kerem Kocaar<\/h4>\n<p>\t\t\tPazarlama M\u00fcd\u00fcr\u00fc<br \/>\n<!-- \/.sc_testimonials -->\t\t<\/p>\n<h3\n\t\t\t>Brands we work with<\/h3>\n<p>\t\t\t\t\t\t\t\t<a data-elementor-open-lightbox=\"yes\" data-elementor-lightbox-slideshow=\"08dce8c\" data-elementor-lightbox-title=\"ref-alshaya-group-logo\" href=\"\/referanslar\/\"><\/p>\n<figure><img decoding=\"async\" src=\"https:\/\/alfaprime.com.tr\/en\/wp-content\/uploads\/2021\/10\/ref-alshaya-group-logo-1-300x300.jpg\" alt=\"ref-alshaya-group-logo\" \/><\/figure>\n<p><\/a><a data-elementor-open-lightbox=\"yes\" data-elementor-lightbox-slideshow=\"08dce8c\" data-elementor-lightbox-title=\"ref-dreamland-golf-club-baku-logo\" href=\"\/referanslar\/\"><\/p>\n<figure><img decoding=\"async\" src=\"https:\/\/alfaprime.com.tr\/en\/wp-content\/uploads\/2021\/10\/ref-dreamland-golf-club-baku-logo-300x300.jpg\" alt=\"ref-dreamland-golf-club-baku-logo\" \/><\/figure>\n<p><\/a><a data-elementor-open-lightbox=\"yes\" data-elementor-lightbox-slideshow=\"08dce8c\" data-elementor-lightbox-title=\"ref-johnson-control-logo\" href=\"\/referanslar\/\"><\/p>\n<figure><img decoding=\"async\" src=\"https:\/\/alfaprime.com.tr\/en\/wp-content\/uploads\/2021\/10\/ref-johnson-control-logo-1-300x300.jpg\" alt=\"ref-johnson-control-logo\" \/><\/figure>\n<p><\/a><a data-elementor-open-lightbox=\"yes\" data-elementor-lightbox-slideshow=\"08dce8c\" data-elementor-lightbox-title=\"ref-nilfisk-logo\" href=\"\/referanslar\/\"><\/p>\n<figure><img decoding=\"async\" src=\"https:\/\/alfaprime.com.tr\/en\/wp-content\/uploads\/2021\/10\/ref-nilfisk-logo-1-300x300.jpg\" alt=\"ref-nilfisk-logo\" \/><\/figure>\n<p><\/a><a data-elementor-open-lightbox=\"yes\" data-elementor-lightbox-slideshow=\"08dce8c\" data-elementor-lightbox-title=\"ref-sabis-logo\" href=\"\/referanslar\/\"><\/p>\n<figure><img decoding=\"async\" src=\"https:\/\/alfaprime.com.tr\/en\/wp-content\/uploads\/2021\/10\/ref-sabis-logo-1-300x300.jpg\" alt=\"ref-sabis-logo\" \/><\/figure>\n<p><\/a><a data-elementor-open-lightbox=\"yes\" data-elementor-lightbox-slideshow=\"08dce8c\" data-elementor-lightbox-title=\"ref-starbucks-logo\" href=\"\/referanslar\/\"><\/p>\n<figure><img decoding=\"async\" src=\"https:\/\/alfaprime.com.tr\/en\/wp-content\/uploads\/2021\/10\/ref-starbucks-logo-1-300x300.jpg\" alt=\"ref-starbucks-logo\" \/><\/figure>\n<p><\/a><a data-elementor-open-lightbox=\"yes\" data-elementor-lightbox-slideshow=\"08dce8c\" data-elementor-lightbox-title=\"ref-york-logo\" href=\"\/referanslar\/\"><\/p>\n<figure><img decoding=\"async\" src=\"https:\/\/alfaprime.com.tr\/en\/wp-content\/uploads\/2021\/10\/ref-york-logo-300x300.jpg\" alt=\"ref-york-logo\" \/><\/figure>\n<p><\/a><br \/>\n\t\t\t\t\t\tPrevious<br \/>\n\t\t\t\t\t\tNext<\/p>\n","protected":false},"excerpt":{"rendered":"<p>What we do We develop successful strategies A good management strategy and management system should be established in order to ensure continuity and efficiency. All business processes should be analyzed&hellip;<\/p>\n","protected":false},"author":1,"featured_media":0,"parent":0,"menu_order":0,"comment_status":"closed","ping_status":"closed","template":"","meta":{"footnotes":""},"class_list":["post-3713","page","type-page","status-publish","hentry"],"_links":{"self":[{"href":"https:\/\/alfaprime.com.tr\/en\/wp-json\/wp\/v2\/pages\/3713","targetHints":{"allow":["GET"]}}],"collection":[{"href":"https:\/\/alfaprime.com.tr\/en\/wp-json\/wp\/v2\/pages"}],"about":[{"href":"https:\/\/alfaprime.com.tr\/en\/wp-json\/wp\/v2\/types\/page"}],"author":[{"embeddable":true,"href":"https:\/\/alfaprime.com.tr\/en\/wp-json\/wp\/v2\/users\/1"}],"replies":[{"embeddable":true,"href":"https:\/\/alfaprime.com.tr\/en\/wp-json\/wp\/v2\/comments?post=3713"}],"version-history":[{"count":242,"href":"https:\/\/alfaprime.com.tr\/en\/wp-json\/wp\/v2\/pages\/3713\/revisions"}],"predecessor-version":[{"id":19327,"href":"https:\/\/alfaprime.com.tr\/en\/wp-json\/wp\/v2\/pages\/3713\/revisions\/19327"}],"wp:attachment":[{"href":"https:\/\/alfaprime.com.tr\/en\/wp-json\/wp\/v2\/media?parent=3713"}],"curies":[{"name":"wp","href":"https:\/\/api.w.org\/{rel}","templated":true}]}}