{"id":3997,"date":"2021-05-27T11:09:15","date_gmt":"2021-05-27T10:09:15","guid":{"rendered":"https:\/\/alfaprime.com.tr\/en\/?page_id=3997"},"modified":"2021-11-29T13:25:26","modified_gmt":"2021-11-29T13:25:26","slug":"services-en","status":"publish","type":"page","link":"https:\/\/alfaprime.com.tr\/en\/services-en\/","title":{"rendered":"Services"},"content":{"rendered":"<figure>\n\t\t\t\t\t\t\t\t\t\t<img decoding=\"async\" src=\"https:\/\/alfaprime.com.tr\/en\/wp-content\/uploads\/elementor\/thumbs\/Bas\u0327liksiz-1-pfx914s93vr0tuacnse0mesgq7liccfpsjgysiwrmo.jpg\" title=\"Bas\u0327l\u0131ks\u0131z-1\" alt=\"Bas\u0327l\u0131ks\u0131z-1\" \/><figcaption><\/figcaption><\/figure>\n<h4>Our Mission<\/h4>\n<p>Reaching to the Deternined Goals with Right Methods and Right Solutions.<!-- \/.sc_icons -->\t\t<\/p>\n<h4>Endless Possibilities<\/h4>\n<p>Ortak Hedeflere Do\u011fru Y\u00f6ntem ve Do\u011fru \u00c7\u00f6z\u00fcmler ile Ula\u015fmak.<!-- \/.sc_icons --><br \/>\n\t\t\tCorporate Services<\/p>\n<h1\n\t\t\t>We Manage and Develop<\/h1>\n<p>We provide services in Mall and Mixed Project Design Management, Brand Management Consultancy, Professional Management Systems Consultancy and more business lines.<\/p>\n<p><a href=\"\/en\/about-us-en\/\">About Us<\/a><\/p>\n<p>\t\t\tcorporate services<\/p>\n<h1\n\t\t\t>Analysis, Planning, Strategy and Performance<\/h1>\n<p>Our working principle is to reach to the right solutions with success.<\/p>\n<h5>01. Management Consulting<\/h5>\n<h5>02. Investment Consultancy<\/h5>\n<h5>03. Management Services<\/h5>\n<p>\t\t\t\t01<\/p>\n<h6><a href=\"https:\/\/alfaprime.com.tr\/en\/services\/management-consulting\/\">Management Consulting<\/a><\/h6>\n<p>                    <a href=\"https:\/\/alfaprime.com.tr\/en\/services\/management-consulting\/\"><br \/>\n                        Read More<br \/>\n                    <\/a><br \/>\n                    <a href=\"https:\/\/alfaprime.com.tr\/en\/services\/management-consulting\/\"><\/a><br \/>\n\t\t\t\t02<\/p>\n<h6><a href=\"https:\/\/alfaprime.com.tr\/en\/services\/investment-consultancy\/\">Investment Consultancy<\/a><\/h6>\n<p>                    <a href=\"https:\/\/alfaprime.com.tr\/en\/services\/investment-consultancy\/\"><br \/>\n                        Read More<br \/>\n                    <\/a><br \/>\n                    <a href=\"https:\/\/alfaprime.com.tr\/en\/services\/investment-consultancy\/\"><\/a><br \/>\n\t\t\t\t03<\/p>\n<h6><a href=\"https:\/\/alfaprime.com.tr\/en\/services\/management-services-en\/\">Management Services<\/a><\/h6>\n<p>                    <a href=\"https:\/\/alfaprime.com.tr\/en\/services\/management-services-en\/\"><br \/>\n                        Read More<br \/>\n                    <\/a><br \/>\n                    <a href=\"https:\/\/alfaprime.com.tr\/en\/services\/management-services-en\/\"><\/a>\t\t<\/p>\n<h2>Our Services<\/h2>\n<p>\t\t\t\t                01.<\/p>\n<h6><a href=\"https:\/\/alfaprime.com.tr\/en\/services\/management-consulting\/\">Management Consulting<\/a><\/h6>\n<p>                        <a href=\"https:\/\/alfaprime.com.tr\/en\/services_group\/management-consultancy\/\" title=\"View all posts in Management Consultancy\">Management Consultancy<\/a><br \/>\n                        <a href=\"https:\/\/alfaprime.com.tr\/en\/services\/management-consulting\/\"><br \/>\n                            Read more<br \/>\n                        <\/a><\/p>\n<p>We work together<\/p>\n<p><a href=\"https:\/\/alfaprime.com.tr\/en\/services\/management-consulting\/\"><\/a><br \/>\n\t\t\t\t                02.<\/p>\n<h6><a href=\"https:\/\/alfaprime.com.tr\/en\/services\/investment-consultancy\/\">Investment Consultancy<\/a><\/h6>\n<p>                        <a href=\"https:\/\/alfaprime.com.tr\/en\/services_group\/investment-consultancy\/\" title=\"View all posts in Investment Consultancy\">Investment Consultancy<\/a><br \/>\n                        <a href=\"https:\/\/alfaprime.com.tr\/en\/services\/investment-consultancy\/\"><br \/>\n                            Read more<br \/>\n                        <\/a><\/p>\n<p>Planned and accurate investment<\/p>\n<p><a href=\"https:\/\/alfaprime.com.tr\/en\/services\/investment-consultancy\/\"><\/a><br \/>\n\t\t\t\t                03.<\/p>\n<h6><a href=\"https:\/\/alfaprime.com.tr\/en\/services\/management-services-en\/\">Management Services<\/a><\/h6>\n<p>                        <a href=\"https:\/\/alfaprime.com.tr\/en\/services_group\/management-services\/\" title=\"View all posts in Management Services\">Management Services<\/a><br \/>\n                        <a href=\"https:\/\/alfaprime.com.tr\/en\/services\/management-services-en\/\"><br \/>\n                            Read more<br \/>\n                        <\/a><\/p>\n<p>We manage for you<\/p>\n<p><a href=\"https:\/\/alfaprime.com.tr\/en\/services\/management-services-en\/\"><\/a><br \/>\n\t\t\t\t                04.<\/p>\n<h6><a href=\"https:\/\/alfaprime.com.tr\/en\/services\/hopping-mall-and-mixed-project-management\/\">Shopping Mall Project Management<\/a><\/h6>\n<p>                        <a href=\"https:\/\/alfaprime.com.tr\/en\/services_group\/management-consultancy\/\" title=\"View all posts in Management Consultancy\">Management Consultancy<\/a><br \/>\n                        <a href=\"https:\/\/alfaprime.com.tr\/en\/services\/hopping-mall-and-mixed-project-management\/\"><br \/>\n                            Read more<br \/>\n                        <\/a><\/p>\n<p>With our 10 years of experience on Shopping Malls Projects Management skills, we plan the most accurate method and strategy plans for you on a project-specific basis, we aim to&hellip;<\/p>\n<p><a href=\"https:\/\/alfaprime.com.tr\/en\/services\/hopping-mall-and-mixed-project-management\/\"><\/a><br \/>\n\t\t\t\t                05.<\/p>\n<h6><a href=\"https:\/\/alfaprime.com.tr\/en\/services\/brand-management\/\">Brand Management<\/a><\/h6>\n<p>                        <a href=\"https:\/\/alfaprime.com.tr\/en\/services_group\/management-consultancy\/\" title=\"View all posts in Management Consultancy\">Management Consultancy<\/a><br \/>\n                        <a href=\"https:\/\/alfaprime.com.tr\/en\/services\/brand-management\/\"><br \/>\n                            Read more<br \/>\n                        <\/a><\/p>\n<p>Although Brand Investment and Management is one of the most important processes for companies, brand management is carries a vital importance. This process, which is of great importance in terms&hellip;<\/p>\n<p><a href=\"https:\/\/alfaprime.com.tr\/en\/services\/brand-management\/\"><\/a><br \/>\n\t\t\t\t                06.<\/p>\n<h6><a href=\"https:\/\/alfaprime.com.tr\/en\/services\/franchise-retail-investment-consultancy\/\">Franchise and Retail Investment Consultancy<\/a><\/h6>\n<p>                        <a href=\"https:\/\/alfaprime.com.tr\/en\/services_group\/investment-consultancy\/\" title=\"View all posts in Investment Consultancy\">Investment Consultancy<\/a><br \/>\n                        <a href=\"https:\/\/alfaprime.com.tr\/en\/services\/franchise-retail-investment-consultancy\/\"><br \/>\n                            Read more<br \/>\n                        <\/a><\/p>\n<p>Acquiring the rights of an international brand in an other country is called a Master Franchise. As Alfa Prime, we help you follow the right path with our expert team&hellip;<\/p>\n<p><a href=\"https:\/\/alfaprime.com.tr\/en\/services\/franchise-retail-investment-consultancy\/\"><\/a><br \/>\n\t\t\t\t                07.<\/p>\n<h6><a href=\"https:\/\/alfaprime.com.tr\/en\/services\/management-consulting-services\/\">Management Consulting Services<\/a><\/h6>\n<p>                        <a href=\"https:\/\/alfaprime.com.tr\/en\/services_group\/management-consultancy\/\" title=\"View all posts in Management Consultancy\">Management Consultancy<\/a><br \/>\n                        <a href=\"https:\/\/alfaprime.com.tr\/en\/services\/management-consulting-services\/\"><br \/>\n                            Read more<br \/>\n                        <\/a><\/p>\n<p>Company Management and Professional Management Systems Consultancy, from human resources to management strategies; It covers all processes from the management staff who have the qualifications of the titles specified in&hellip;<\/p>\n<p><a href=\"https:\/\/alfaprime.com.tr\/en\/services\/management-consulting-services\/\"><\/a><br \/>\n\t\t\t\t                08.<\/p>\n<h6><a href=\"https:\/\/alfaprime.com.tr\/en\/services\/azerbaijan-region-investment-consultancy\/\">Azerbaijan Region Investment Consultancy<\/a><\/h6>\n<p>                        <a href=\"https:\/\/alfaprime.com.tr\/en\/services_group\/investment-consultancy\/\" title=\"View all posts in Investment Consultancy\">Investment Consultancy<\/a><br \/>\n                        <a href=\"https:\/\/alfaprime.com.tr\/en\/services\/azerbaijan-region-investment-consultancy\/\"><br \/>\n                            Read more<br \/>\n                        <\/a><\/p>\n<p>As Alfa Prime Engineering, we help the institutions that plan to invest or do international trade in Turkey, Azerbaijan and Emea Region, which are the priority target regions and where&hellip;<\/p>\n<p><a href=\"https:\/\/alfaprime.com.tr\/en\/services\/azerbaijan-region-investment-consultancy\/\"><\/a><br \/>\n\t\t\t\t                09.<\/p>\n<h6><a href=\"https:\/\/alfaprime.com.tr\/en\/services\/crisis-management-services\/\">Crisis Management Services<\/a><\/h6>\n<p>                        <a href=\"https:\/\/alfaprime.com.tr\/en\/services_group\/investment-consultancy\/\" title=\"View all posts in Investment Consultancy\">Investment Consultancy<\/a><br \/>\n                        <a href=\"https:\/\/alfaprime.com.tr\/en\/services\/crisis-management-services\/\"><br \/>\n                            Read more<br \/>\n                        <\/a><\/p>\n<p>Alfa Prime, serving worldwide with our experienced team in crisis management, has the ability to take action to resolve the crisis swiftly and swiftly within the framework of the planned&hellip;<\/p>\n<p><a href=\"https:\/\/alfaprime.com.tr\/en\/services\/crisis-management-services\/\"><\/a><br \/>\n\t\t\t\t                10.<\/p>\n<h6><a href=\"https:\/\/alfaprime.com.tr\/en\/services\/manufacturing-management-services\/\">Manufacturing Management Services<\/a><\/h6>\n<p>                        <a href=\"https:\/\/alfaprime.com.tr\/en\/services_group\/management-consultancy\/\" title=\"View all posts in Management Consultancy\">Management Consultancy<\/a><br \/>\n                        <a href=\"https:\/\/alfaprime.com.tr\/en\/services\/manufacturing-management-services\/\"><br \/>\n                            Read more<br \/>\n                        <\/a><\/p>\n<p>Dozens of experiences we have encountered so far show that businesses and production lose a significant amount of time and money if they are not managed systematically. However, all these&hellip;<\/p>\n<p><a href=\"https:\/\/alfaprime.com.tr\/en\/services\/manufacturing-management-services\/\"><\/a><br \/>\n\t\t\t\t                11.<\/p>\n<h6><a href=\"https:\/\/alfaprime.com.tr\/en\/services\/textle-embroidery-manufacturing-management-consultancy\/\">Text\u0131le Embroidery Manufacturing Management Consultancy<\/a><\/h6>\n<p>                        <a href=\"https:\/\/alfaprime.com.tr\/en\/services_group\/management-consultancy\/\" title=\"View all posts in Management Consultancy\">Management Consultancy<\/a><br \/>\n                        <a href=\"https:\/\/alfaprime.com.tr\/en\/services\/textle-embroidery-manufacturing-management-consultancy\/\"><br \/>\n                            Read more<br \/>\n                        <\/a><\/p>\n<p>Home Textile, Embroidery Production and Management Consultancy is a very important service in terms of how fast fashion and technology change in home textile products, the changing demands of people&hellip;<\/p>\n<p><a href=\"https:\/\/alfaprime.com.tr\/en\/services\/textle-embroidery-manufacturing-management-consultancy\/\"><\/a><br \/>\n\t\t\t\t                12.<\/p>\n<h6><a href=\"https:\/\/alfaprime.com.tr\/en\/services\/mall-management-services\/\">Mall Management Services<\/a><\/h6>\n<p>                        <a href=\"https:\/\/alfaprime.com.tr\/en\/services_group\/management-services\/\" title=\"View all posts in Management Services\">Management Services<\/a><br \/>\n                        <a href=\"https:\/\/alfaprime.com.tr\/en\/services\/mall-management-services\/\"><br \/>\n                            Read more<br \/>\n                        <\/a><\/p>\n<p>Alfa Prime is planning the malls to design the most presentable management system by providing shopping mall management services and management services from the planning stage of the construction of&hellip;<\/p>\n<p><a href=\"https:\/\/alfaprime.com.tr\/en\/services\/mall-management-services\/\"><\/a><br \/>\n\t\t\t\t                13.<\/p>\n<h6><a href=\"https:\/\/alfaprime.com.tr\/en\/services\/bina-ve-site-yonetim-hizmetleri\/\">Apartment and Building Complex Management<\/a><\/h6>\n<p>                        <a href=\"https:\/\/alfaprime.com.tr\/en\/services_group\/management-services\/\" title=\"View all posts in Management Services\">Management Services<\/a><br \/>\n                        <a href=\"https:\/\/alfaprime.com.tr\/en\/services\/bina-ve-site-yonetim-hizmetleri\/\"><br \/>\n                            Read more<br \/>\n                        <\/a><\/p>\n<p>As Alfa Prime, we produce appropriate solutions for the problems and problems that your building or building complex has in administration department. First, we create the infrastructure, determine your income&hellip;<\/p>\n<p><a href=\"https:\/\/alfaprime.com.tr\/en\/services\/bina-ve-site-yonetim-hizmetleri\/\"><\/a><\/p>\n","protected":false},"excerpt":{"rendered":"<p>Our Mission Reaching to the Deternined Goals with Right Methods and Right Solutions. Endless Possibilities Ortak Hedeflere Do\u011fru Y\u00f6ntem ve Do\u011fru \u00c7\u00f6z\u00fcmler ile Ula\u015fmak. Corporate Services We Manage and Develop&hellip;<\/p>\n","protected":false},"author":1,"featured_media":0,"parent":0,"menu_order":0,"comment_status":"closed","ping_status":"closed","template":"","meta":{"footnotes":""},"class_list":["post-3997","page","type-page","status-publish","hentry"],"_links":{"self":[{"href":"https:\/\/alfaprime.com.tr\/en\/wp-json\/wp\/v2\/pages\/3997","targetHints":{"allow":["GET"]}}],"collection":[{"href":"https:\/\/alfaprime.com.tr\/en\/wp-json\/wp\/v2\/pages"}],"about":[{"href":"https:\/\/alfaprime.com.tr\/en\/wp-json\/wp\/v2\/types\/page"}],"author":[{"embeddable":true,"href":"https:\/\/alfaprime.com.tr\/en\/wp-json\/wp\/v2\/users\/1"}],"replies":[{"embeddable":true,"href":"https:\/\/alfaprime.com.tr\/en\/wp-json\/wp\/v2\/comments?post=3997"}],"version-history":[{"count":89,"href":"https:\/\/alfaprime.com.tr\/en\/wp-json\/wp\/v2\/pages\/3997\/revisions"}],"predecessor-version":[{"id":19284,"href":"https:\/\/alfaprime.com.tr\/en\/wp-json\/wp\/v2\/pages\/3997\/revisions\/19284"}],"wp:attachment":[{"href":"https:\/\/alfaprime.com.tr\/en\/wp-json\/wp\/v2\/media?parent=3997"}],"curies":[{"name":"wp","href":"https:\/\/api.w.org\/{rel}","templated":true}]}}